{"id":9782,"date":"2019-08-03T23:47:00","date_gmt":"2019-08-03T21:47:00","guid":{"rendered":"https:\/\/couleurarabesque.be\/?page_id=9782"},"modified":"2023-08-14T11:58:35","modified_gmt":"2023-08-14T09:58:35","slug":"nos-tarifs","status":"publish","type":"page","link":"https:\/\/couleurarabesque.be\/index.php\/nos-tarifs\/","title":{"rendered":"Nos Tarifs"},"content":{"rendered":"<div class=\"wpb-content-wrapper\"><p>[vc_row enable_arrows_animation=\u00a0\u00bbno\u00a0\u00bb][vc_column][vc_column_text]\u00a0\u00bbCouleur Arabesque\u00a0\u00bb\u00a0a une pratique des prix vraiment tr\u00e8s d\u00e9mocratique&#8230;<br \/>\nVoyez par vous-m\u00eames&#8230;[\/vc_column_text][\/vc_column][\/vc_row][vc_row enable_arrows_animation=\u00a0\u00bbno\u00a0\u00bb][vc_column][vc_cta h2=\u00a0\u00bb!!! Attention !!!\u00a0\u00bb]<span id=\"cch_f284035de77da48\" class=\"_mh6 _wsc\"><span class=\"_3oh- _58nk\">Payement \u00e0 effectuer sur le compte de:<\/span><\/span><br \/>\n<span id=\"cch_f284035de77da48\" class=\"_mh6 _wsc\"><span class=\"_3oh- _58nk\"><br \/>\nCouleur Arabesque asbl<br \/>\nBE95 7805 9308 1958<br \/>\nEn communication : Le nom et pr\u00e9nom de l&rsquo;enfant ET le cours suivi<\/span><\/span>[\/vc_cta][\/vc_column][\/vc_row][vc_row enable_arrows_animation=\u00a0\u00bbno\u00a0\u00bb][vc_column][vc_column_text]\n<table id=\"tablepress-1\" class=\"tablepress tablepress-id-1\">\n<thead>\n<tr class=\"row-1\">\n\t<th class=\"column-1\">Nombre de cours<\/th><th class=\"column-2\">Payement \u00e0 l'ann\u00e9e<br \/>\n(possibilit\u00e9 par semestre)<\/th>\n<\/tr>\n<\/thead>\n<tbody class=\"row-striping row-hover\">\n<tr class=\"row-2\">\n\t<td class=\"column-1\">1 cours 45 min\/semaine<\/td><td class=\"column-2\">195 euros\/ann\u00e9e<\/td>\n<\/tr>\n<tr class=\"row-3\">\n\t<td class=\"column-1\">1 cours 1 heure\/semaine<\/td><td class=\"column-2\">245 euros\/ann\u00e9e<\/td>\n<\/tr>\n<tr class=\"row-4\">\n\t<td class=\"column-1\">2 cours 1 heure\/semaine<\/td><td class=\"column-2\">425 euros\/ann\u00e9e<\/td>\n<\/tr>\n<tr class=\"row-5\">\n\t<td class=\"column-1\">3 cours 1 heure\/semaine<\/td><td class=\"column-2\">595 euros\/ann\u00e9e<\/td>\n<\/tr>\n<tr class=\"row-6\">\n\t<td class=\"column-1\">4 cours 1 heure\/semaine<\/td><td class=\"column-2\">745 euros\/ann\u00e9e<\/td>\n<\/tr>\n<tr class=\"row-7\">\n\t<td class=\"column-1\">5 cours 1 heure\/semaine<\/td><td class=\"column-2\">875 euros\/ann\u00e9e<\/td>\n<\/tr>\n<tr class=\"row-8\">\n\t<td class=\"column-1\">6 cours 1 heure\/semaine<\/td><td class=\"column-2\">985 euros\/ann\u00e9e<\/td>\n<\/tr>\n<\/tbody>\n<\/table>\n<!-- #tablepress-1 from cache -->[\/vc_column_text][\/vc_column][\/vc_row][vc_row enable_arrows_animation=\u00a0\u00bbno\u00a0\u00bb][vc_column][vc_cta h2=\u00a0\u00bb!!! PROMOTION !!!\u00a0\u00bb]Dans une m\u00eame famille, les cours s&rsquo;additionnent.<br \/>\nExemple:<br \/>\n1er enfant: 1 cours<br \/>\n2e enfant: 2 cours<br \/>\nmaman: 1 cours<\/p>\n<p>TOTAL: 4 cours donc 745 euros pour toute l&rsquo;ann\u00e9e et pour toute la famille<\/p>\n<p>!!! Le cours de 45 minutes se compte toujours \u00e0 part du total !!![\/vc_cta][\/vc_column][\/vc_row]<\/p>\n<\/div>","protected":false},"excerpt":{"rendered":"<p>[vc_row enable_arrows_animation=\u00a0\u00bbno\u00a0\u00bb][vc_column][vc_column_text]\u00a0\u00bbCouleur Arabesque\u00a0\u00bb\u00a0a une pratique des prix vraiment tr\u00e8s d\u00e9mocratique&#8230; Voyez par vous-m\u00eames&#8230;[\/vc_column_text][\/vc_column][\/vc_row][vc_row enable_arrows_animation=\u00a0\u00bbno\u00a0\u00bb][vc_column][vc_cta h2=\u00a0\u00bb!!! Attention !!!\u00a0\u00bb]Payement \u00e0 effectuer sur le compte de: Couleur Arabesque asbl BE95 7805 9308 1958 En communication : Le nom et pr\u00e9nom de l&rsquo;enfant ET le cours suivi[\/vc_cta][\/vc_column][\/vc_row][vc_row enable_arrows_animation=\u00a0\u00bbno\u00a0\u00bb][vc_column][vc_column_text][\/vc_column_text][\/vc_column][\/vc_row][vc_row enable_arrows_animation=\u00a0\u00bbno\u00a0\u00bb][vc_column][vc_cta h2=\u00a0\u00bb!!! PROMOTION !!!\u00a0\u00bb]Dans une m\u00eame famille, les cours s&rsquo;additionnent. Exemple: 1er enfant: 1 cours 2e enfant: 2 cours maman: 1 cours TOTAL: 4 cours donc 745 euros pour toute l&rsquo;ann\u00e9e et pour toute la famille !!! Le cours de 45 minutes se [&hellip;]<\/p>\n","protected":false},"author":1,"featured_media":0,"parent":0,"menu_order":0,"comment_status":"closed","ping_status":"closed","template":"","meta":{"footnotes":""},"class_list":["post-9782","page","type-page","status-publish","hentry"],"yoast_head":"<!-- This site is optimized with the Yoast SEO plugin v27.4 - https:\/\/yoast.com\/product\/yoast-seo-wordpress\/ -->\n<title>Nos Tarifs - Couleur Arabesque<\/title>\n<meta name=\"robots\" content=\"index, follow, max-snippet:-1, max-image-preview:large, max-video-preview:-1\" \/>\n<link rel=\"canonical\" href=\"https:\/\/couleurarabesque.be\/index.php\/nos-tarifs\/\" \/>\n<meta property=\"og:locale\" content=\"fr_FR\" \/>\n<meta property=\"og:type\" content=\"article\" \/>\n<meta property=\"og:title\" content=\"Nos Tarifs - Couleur Arabesque\" \/>\n<meta property=\"og:description\" content=\"[vc_row enable_arrows_animation=\u00a0\u00bbno\u00a0\u00bb][vc_column][vc_column_text]\u00a0\u00bbCouleur Arabesque\u00a0\u00bb\u00a0a une pratique des prix vraiment tr\u00e8s d\u00e9mocratique&#8230; Voyez par vous-m\u00eames&#8230;[\/vc_column_text][\/vc_column][\/vc_row][vc_row enable_arrows_animation=\u00a0\u00bbno\u00a0\u00bb][vc_column][vc_cta h2=\u00a0\u00bb!!! Attention !!!\u00a0\u00bb]Payement \u00e0 effectuer sur le compte de: Couleur Arabesque asbl BE95 7805 9308 1958 En communication : Le nom et pr\u00e9nom de l&rsquo;enfant ET le cours suivi[\/vc_cta][\/vc_column][\/vc_row][vc_row enable_arrows_animation=\u00a0\u00bbno\u00a0\u00bb][vc_column][vc_column_text][\/vc_column_text][\/vc_column][\/vc_row][vc_row enable_arrows_animation=\u00a0\u00bbno\u00a0\u00bb][vc_column][vc_cta h2=\u00a0\u00bb!!! PROMOTION !!!\u00a0\u00bb]Dans une m\u00eame famille, les cours s&rsquo;additionnent. Exemple: 1er enfant: 1 cours 2e enfant: 2 cours maman: 1 cours TOTAL: 4 cours donc 745 euros pour toute l&rsquo;ann\u00e9e et pour toute la famille !!! Le cours de 45 minutes se [&hellip;]\" \/>\n<meta property=\"og:url\" content=\"https:\/\/couleurarabesque.be\/index.php\/nos-tarifs\/\" \/>\n<meta property=\"og:site_name\" content=\"Couleur Arabesque\" \/>\n<meta property=\"article:modified_time\" content=\"2023-08-14T09:58:35+00:00\" \/>\n<meta property=\"og:image\" content=\"https:\/\/couleurarabesque.be\/wp-content\/uploads\/2020\/07\/iStock-117149766-scaled.jpg\" \/>\n\t<meta property=\"og:image:width\" content=\"1707\" \/>\n\t<meta property=\"og:image:height\" content=\"2560\" \/>\n\t<meta property=\"og:image:type\" content=\"image\/jpeg\" \/>\n<meta name=\"twitter:card\" content=\"summary_large_image\" \/>\n<meta name=\"twitter:label1\" content=\"Dur\u00e9e de lecture estim\u00e9e\" \/>\n\t<meta name=\"twitter:data1\" content=\"1 minute\" \/>\n<script type=\"application\/ld+json\" class=\"yoast-schema-graph\">{\"@context\":\"https:\\\/\\\/schema.org\",\"@graph\":[{\"@type\":\"WebPage\",\"@id\":\"https:\\\/\\\/couleurarabesque.be\\\/index.php\\\/nos-tarifs\\\/\",\"url\":\"https:\\\/\\\/couleurarabesque.be\\\/index.php\\\/nos-tarifs\\\/\",\"name\":\"Nos Tarifs - Couleur Arabesque\",\"isPartOf\":{\"@id\":\"https:\\\/\\\/couleurarabesque.be\\\/#website\"},\"datePublished\":\"2019-08-03T21:47:00+00:00\",\"dateModified\":\"2023-08-14T09:58:35+00:00\",\"breadcrumb\":{\"@id\":\"https:\\\/\\\/couleurarabesque.be\\\/index.php\\\/nos-tarifs\\\/#breadcrumb\"},\"inLanguage\":\"fr-FR\",\"potentialAction\":[{\"@type\":\"ReadAction\",\"target\":[\"https:\\\/\\\/couleurarabesque.be\\\/index.php\\\/nos-tarifs\\\/\"]}]},{\"@type\":\"BreadcrumbList\",\"@id\":\"https:\\\/\\\/couleurarabesque.be\\\/index.php\\\/nos-tarifs\\\/#breadcrumb\",\"itemListElement\":[{\"@type\":\"ListItem\",\"position\":1,\"name\":\"Accueil\",\"item\":\"https:\\\/\\\/couleurarabesque.be\\\/\"},{\"@type\":\"ListItem\",\"position\":2,\"name\":\"Nos Tarifs\"}]},{\"@type\":\"WebSite\",\"@id\":\"https:\\\/\\\/couleurarabesque.be\\\/#website\",\"url\":\"https:\\\/\\\/couleurarabesque.be\\\/\",\"name\":\"Couleur Arabesque\",\"description\":\"Un site utilisant WordPress\",\"potentialAction\":[{\"@type\":\"SearchAction\",\"target\":{\"@type\":\"EntryPoint\",\"urlTemplate\":\"https:\\\/\\\/couleurarabesque.be\\\/?s={search_term_string}\"},\"query-input\":{\"@type\":\"PropertyValueSpecification\",\"valueRequired\":true,\"valueName\":\"search_term_string\"}}],\"inLanguage\":\"fr-FR\"}]}<\/script>\n<!-- \/ Yoast SEO plugin. -->","yoast_head_json":{"title":"Nos Tarifs - Couleur Arabesque","robots":{"index":"index","follow":"follow","max-snippet":"max-snippet:-1","max-image-preview":"max-image-preview:large","max-video-preview":"max-video-preview:-1"},"canonical":"https:\/\/couleurarabesque.be\/index.php\/nos-tarifs\/","og_locale":"fr_FR","og_type":"article","og_title":"Nos Tarifs - Couleur Arabesque","og_description":"[vc_row enable_arrows_animation=\u00a0\u00bbno\u00a0\u00bb][vc_column][vc_column_text]\u00a0\u00bbCouleur Arabesque\u00a0\u00bb\u00a0a une pratique des prix vraiment tr\u00e8s d\u00e9mocratique&#8230; Voyez par vous-m\u00eames&#8230;[\/vc_column_text][\/vc_column][\/vc_row][vc_row enable_arrows_animation=\u00a0\u00bbno\u00a0\u00bb][vc_column][vc_cta h2=\u00a0\u00bb!!! Attention !!!\u00a0\u00bb]Payement \u00e0 effectuer sur le compte de: Couleur Arabesque asbl BE95 7805 9308 1958 En communication : Le nom et pr\u00e9nom de l&rsquo;enfant ET le cours suivi[\/vc_cta][\/vc_column][\/vc_row][vc_row enable_arrows_animation=\u00a0\u00bbno\u00a0\u00bb][vc_column][vc_column_text][\/vc_column_text][\/vc_column][\/vc_row][vc_row enable_arrows_animation=\u00a0\u00bbno\u00a0\u00bb][vc_column][vc_cta h2=\u00a0\u00bb!!! PROMOTION !!!\u00a0\u00bb]Dans une m\u00eame famille, les cours s&rsquo;additionnent. Exemple: 1er enfant: 1 cours 2e enfant: 2 cours maman: 1 cours TOTAL: 4 cours donc 745 euros pour toute l&rsquo;ann\u00e9e et pour toute la famille !!! Le cours de 45 minutes se [&hellip;]","og_url":"https:\/\/couleurarabesque.be\/index.php\/nos-tarifs\/","og_site_name":"Couleur Arabesque","article_modified_time":"2023-08-14T09:58:35+00:00","og_image":[{"width":1707,"height":2560,"url":"https:\/\/couleurarabesque.be\/wp-content\/uploads\/2020\/07\/iStock-117149766-scaled.jpg","type":"image\/jpeg"}],"twitter_card":"summary_large_image","twitter_misc":{"Dur\u00e9e de lecture estim\u00e9e":"1 minute"},"schema":{"@context":"https:\/\/schema.org","@graph":[{"@type":"WebPage","@id":"https:\/\/couleurarabesque.be\/index.php\/nos-tarifs\/","url":"https:\/\/couleurarabesque.be\/index.php\/nos-tarifs\/","name":"Nos Tarifs - Couleur Arabesque","isPartOf":{"@id":"https:\/\/couleurarabesque.be\/#website"},"datePublished":"2019-08-03T21:47:00+00:00","dateModified":"2023-08-14T09:58:35+00:00","breadcrumb":{"@id":"https:\/\/couleurarabesque.be\/index.php\/nos-tarifs\/#breadcrumb"},"inLanguage":"fr-FR","potentialAction":[{"@type":"ReadAction","target":["https:\/\/couleurarabesque.be\/index.php\/nos-tarifs\/"]}]},{"@type":"BreadcrumbList","@id":"https:\/\/couleurarabesque.be\/index.php\/nos-tarifs\/#breadcrumb","itemListElement":[{"@type":"ListItem","position":1,"name":"Accueil","item":"https:\/\/couleurarabesque.be\/"},{"@type":"ListItem","position":2,"name":"Nos Tarifs"}]},{"@type":"WebSite","@id":"https:\/\/couleurarabesque.be\/#website","url":"https:\/\/couleurarabesque.be\/","name":"Couleur Arabesque","description":"Un site utilisant WordPress","potentialAction":[{"@type":"SearchAction","target":{"@type":"EntryPoint","urlTemplate":"https:\/\/couleurarabesque.be\/?s={search_term_string}"},"query-input":{"@type":"PropertyValueSpecification","valueRequired":true,"valueName":"search_term_string"}}],"inLanguage":"fr-FR"}]}},"_links":{"self":[{"href":"https:\/\/couleurarabesque.be\/index.php\/wp-json\/wp\/v2\/pages\/9782","targetHints":{"allow":["GET"]}}],"collection":[{"href":"https:\/\/couleurarabesque.be\/index.php\/wp-json\/wp\/v2\/pages"}],"about":[{"href":"https:\/\/couleurarabesque.be\/index.php\/wp-json\/wp\/v2\/types\/page"}],"author":[{"embeddable":true,"href":"https:\/\/couleurarabesque.be\/index.php\/wp-json\/wp\/v2\/users\/1"}],"replies":[{"embeddable":true,"href":"https:\/\/couleurarabesque.be\/index.php\/wp-json\/wp\/v2\/comments?post=9782"}],"version-history":[{"count":10,"href":"https:\/\/couleurarabesque.be\/index.php\/wp-json\/wp\/v2\/pages\/9782\/revisions"}],"predecessor-version":[{"id":10509,"href":"https:\/\/couleurarabesque.be\/index.php\/wp-json\/wp\/v2\/pages\/9782\/revisions\/10509"}],"wp:attachment":[{"href":"https:\/\/couleurarabesque.be\/index.php\/wp-json\/wp\/v2\/media?parent=9782"}],"curies":[{"name":"wp","href":"https:\/\/api.w.org\/{rel}","templated":true}]}}